{"id":75,"date":"2025-03-07T15:56:59","date_gmt":"2025-03-07T20:56:59","guid":{"rendered":"https:\/\/activabiomedica.com\/?page_id=75"},"modified":"2025-04-07T12:55:19","modified_gmt":"2025-04-07T17:55:19","slug":"blog","status":"publish","type":"page","link":"https:\/\/activabiomedica.com\/en\/blog\/","title":{"rendered":"Blog"},"content":{"rendered":"<div data-elementor-type=\"wp-page\" data-elementor-id=\"75\" class=\"elementor elementor-75\" data-elementor-post-type=\"page\">\n\t\t\t\t<div class=\"elementor-element elementor-element-8c2ec34 e-con-full e-flex e-con e-parent\" data-id=\"8c2ec34\" data-element_type=\"container\" data-e-type=\"container\" data-settings=\"{&quot;background_background&quot;:&quot;video&quot;,&quot;background_video_link&quot;:&quot;https:\\\/\\\/activabiomedica.com\\\/wp-content\\\/uploads\\\/2025\\\/03\\\/Diseno-sin-titulo-1.mp4&quot;,&quot;shape_divider_bottom&quot;:&quot;waves&quot;,&quot;background_play_on_mobile&quot;:&quot;yes&quot;}\">\n\t\t<div class=\"elementor-background-video-container\">\n\t\t\t\t\t\t\t<video class=\"elementor-background-video-hosted\" role=\"presentation\" autoplay muted playsinline loop><\/video>\n\t\t\t\t\t<\/div>\t\t<div class=\"elementor-shape elementor-shape-bottom\" aria-hidden=\"true\" data-negative=\"false\">\n\t\t\t<svg xmlns=\"http:\/\/www.w3.org\/2000\/svg\" viewbox=\"0 0 1000 100\" preserveaspectratio=\"none\">\n\t<path class=\"elementor-shape-fill\" d=\"M421.9,6.5c22.6-2.5,51.5,0.4,75.5,5.3c23.6,4.9,70.9,23.5,100.5,35.7c75.8,32.2,133.7,44.5,192.6,49.7\tc23.6,2.1,48.7,3.5,103.4-2.5c54.7-6,106.2-25.6,106.2-25.6V0H0v30.3c0,0,72,32.6,158.4,30.5c39.2-0.7,92.8-6.7,134-22.4\tc21.2-8.1,52.2-18.2,79.7-24.2C399.3,7.9,411.6,7.5,421.9,6.5z\"\/>\n<\/svg>\t\t<\/div>\n\t\t<div class=\"elementor-element elementor-element-4460e98 e-con-full e-flex e-con e-child\" data-id=\"4460e98\" data-element_type=\"container\" data-e-type=\"container\">\n\t\t\t\t<div class=\"elementor-element elementor-element-61d32965 elementor-widget elementor-widget-heading\" data-id=\"61d32965\" data-element_type=\"widget\" data-e-type=\"widget\" data-widget_type=\"heading.default\">\n\t\t\t\t<div class=\"elementor-widget-container\">\n\t\t\t\t\t<h2 class=\"elementor-heading-title elementor-size-default\">Find articles of interest that will help activate the best version of you<\/h2>\t\t\t\t<\/div>\n\t\t\t\t<\/div>\n\t\t\t\t<\/div>\n\t\t\t\t<\/div>\n\t\t<div class=\"elementor-element elementor-element-314c5415 e-con-full e-flex e-con e-parent\" data-id=\"314c5415\" data-element_type=\"container\" data-e-type=\"container\" data-settings=\"{&quot;background_background&quot;:&quot;classic&quot;}\">\n\t\t<div class=\"elementor-element elementor-element-722ff1a e-con-full e-flex e-con e-child\" data-id=\"722ff1a\" data-element_type=\"container\" data-e-type=\"container\" data-settings=\"{&quot;background_background&quot;:&quot;classic&quot;}\">\n\t\t<div class=\"elementor-element elementor-element-5bbdaee8 e-con-full e-flex e-con e-child\" data-id=\"5bbdaee8\" data-element_type=\"container\" data-e-type=\"container\">\n\t\t\t\t<div class=\"elementor-element elementor-element-2452f93 elementor-grid-3 elementor-grid-tablet-2 elementor-grid-mobile-1 elementor-posts--thumbnail-top elementor-widget elementor-widget-posts\" data-id=\"2452f93\" data-element_type=\"widget\" data-e-type=\"widget\" data-settings=\"{&quot;pagination_type&quot;:&quot;load_more_infinite_scroll&quot;,&quot;classic_columns&quot;:&quot;3&quot;,&quot;classic_columns_tablet&quot;:&quot;2&quot;,&quot;classic_columns_mobile&quot;:&quot;1&quot;,&quot;classic_row_gap&quot;:{&quot;unit&quot;:&quot;px&quot;,&quot;size&quot;:35,&quot;sizes&quot;:[]},&quot;classic_row_gap_tablet&quot;:{&quot;unit&quot;:&quot;px&quot;,&quot;size&quot;:&quot;&quot;,&quot;sizes&quot;:[]},&quot;classic_row_gap_mobile&quot;:{&quot;unit&quot;:&quot;px&quot;,&quot;size&quot;:&quot;&quot;,&quot;sizes&quot;:[]},&quot;load_more_spinner&quot;:{&quot;value&quot;:&quot;fas fa-spinner&quot;,&quot;library&quot;:&quot;fa-solid&quot;}}\" data-widget_type=\"posts.classic\">\n\t\t\t\t<div class=\"elementor-widget-container\">\n\t\t\t\t\t\t\t<div class=\"elementor-posts-container elementor-posts elementor-posts--skin-classic elementor-grid\" role=\"list\">\n\t\t\t\t<article class=\"elementor-post elementor-grid-item post-1428 post type-post status-publish format-standard has-post-thumbnail hentry category-blog\" role=\"listitem\">\n\t\t\t\t<a class=\"elementor-post__thumbnail__link\" href=\"https:\/\/activabiomedica.com\/en\/trotar-al-aire-libre-el-ejercicio-perfecto-para-cuerpo-mente-y-bienestar-integral\/\" tabindex=\"-1\" >\n\t\t\t<div class=\"elementor-post__thumbnail\"><img fetchpriority=\"high\" decoding=\"async\" width=\"1200\" height=\"900\" src=\"https:\/\/activabiomedica.com\/wp-content\/uploads\/2025\/03\/Diseno-sin-titulo-5.jpg\" class=\"attachment-full size-full wp-image-556\" alt=\"\" srcset=\"https:\/\/activabiomedica.com\/wp-content\/uploads\/2025\/03\/Diseno-sin-titulo-5.jpg 1200w, https:\/\/activabiomedica.com\/wp-content\/uploads\/2025\/03\/Diseno-sin-titulo-5-300x225.jpg 300w, https:\/\/activabiomedica.com\/wp-content\/uploads\/2025\/03\/Diseno-sin-titulo-5-1024x768.jpg 1024w, https:\/\/activabiomedica.com\/wp-content\/uploads\/2025\/03\/Diseno-sin-titulo-5-768x576.jpg 768w\" sizes=\"(max-width: 1200px) 100vw, 1200px\" \/><\/div>\n\t\t<\/a>\n\t\t\t\t<div class=\"elementor-post__text\">\n\t\t\t\t<h3 class=\"elementor-post__title\">\n\t\t\t<a href=\"https:\/\/activabiomedica.com\/en\/trotar-al-aire-libre-el-ejercicio-perfecto-para-cuerpo-mente-y-bienestar-integral\/\" >\n\t\t\t\tJogging outdoors: the perfect exercise for body, mind, and overall well-being\t\t\t<\/a>\n\t\t<\/h3>\n\t\t\t\t<div class=\"elementor-post__meta-data\">\n\t\t\t\t\t<span class=\"elementor-post-date\">\n\t\t\tApril 9, 2025\t\t<\/span>\n\t\t\t\t<span class=\"elementor-post-avatar\">\n\t\t\t2 Comments\t\t<\/span>\n\t\t\t\t<\/div>\n\t\t\t\t<div class=\"elementor-post__excerpt\">\n\t\t\t<p>Discover the powerful benefits of outdoor jogging to transform your physical, mental, and emotional health.<\/p>\n\t\t<\/div>\n\t\t\n\t\t<a class=\"elementor-post__read-more\" href=\"https:\/\/activabiomedica.com\/en\/trotar-al-aire-libre-el-ejercicio-perfecto-para-cuerpo-mente-y-bienestar-integral\/\" aria-label=\"Read more about Outdoor Jogging: The Perfect Exercise for Body, Mind, and Overall Well-being\" tabindex=\"-1\" >\n\t\t\tRead more &quot;\t\t<\/a>\n\n\t\t\t\t<\/div>\n\t\t\t\t<\/article>\n\t\t\t\t<article class=\"elementor-post elementor-grid-item post-1156 post type-post status-publish format-standard has-post-thumbnail hentry category-blog\" role=\"listitem\">\n\t\t\t\t<a class=\"elementor-post__thumbnail__link\" href=\"https:\/\/activabiomedica.com\/en\/la-comida-rapida-afecta-tu-vida-sexual-cuatro-razones-cientificas-para-decirle-que-no-al-fast-food\/\" tabindex=\"-1\" >\n\t\t\t<div class=\"elementor-post__thumbnail\"><img decoding=\"async\" width=\"1200\" height=\"900\" src=\"https:\/\/activabiomedica.com\/wp-content\/uploads\/2025\/04\/Diseno-sin-titulo-3.jpg\" class=\"attachment-full size-full wp-image-1157\" alt=\"\" srcset=\"https:\/\/activabiomedica.com\/wp-content\/uploads\/2025\/04\/Diseno-sin-titulo-3.jpg 1200w, https:\/\/activabiomedica.com\/wp-content\/uploads\/2025\/04\/Diseno-sin-titulo-3-300x225.jpg 300w, https:\/\/activabiomedica.com\/wp-content\/uploads\/2025\/04\/Diseno-sin-titulo-3-1024x768.jpg 1024w, https:\/\/activabiomedica.com\/wp-content\/uploads\/2025\/04\/Diseno-sin-titulo-3-768x576.jpg 768w\" sizes=\"(max-width: 1200px) 100vw, 1200px\" \/><\/div>\n\t\t<\/a>\n\t\t\t\t<div class=\"elementor-post__text\">\n\t\t\t\t<h3 class=\"elementor-post__title\">\n\t\t\t<a href=\"https:\/\/activabiomedica.com\/en\/la-comida-rapida-afecta-tu-vida-sexual-cuatro-razones-cientificas-para-decirle-que-no-al-fast-food\/\" >\n\t\t\t\tDoes fast food affect your sex life? Four scientific reasons to say no to fast food\t\t\t<\/a>\n\t\t<\/h3>\n\t\t\t\t<div class=\"elementor-post__meta-data\">\n\t\t\t\t\t<span class=\"elementor-post-date\">\n\t\t\tApril 7, 2025\t\t<\/span>\n\t\t\t\t<span class=\"elementor-post-avatar\">\n\t\t\t2 Comments\t\t<\/span>\n\t\t\t\t<\/div>\n\t\t\t\t<div class=\"elementor-post__excerpt\">\n\t\t\t<p>Fast food can be the silent enemy of your sexual performance. A sports medicine doctor explains why it affects your libido and how a healthy diet can boost your intimacy.<\/p>\n\t\t<\/div>\n\t\t\n\t\t<a class=\"elementor-post__read-more\" href=\"https:\/\/activabiomedica.com\/en\/la-comida-rapida-afecta-tu-vida-sexual-cuatro-razones-cientificas-para-decirle-que-no-al-fast-food\/\" aria-label=\"Read more about Does Fast Food Affect Your Sex Life? Four Scientific Reasons to Say No to Fast Food\" tabindex=\"-1\" >\n\t\t\tRead more &quot;\t\t<\/a>\n\n\t\t\t\t<\/div>\n\t\t\t\t<\/article>\n\t\t\t\t<article class=\"elementor-post elementor-grid-item post-1153 post type-post status-publish format-standard has-post-thumbnail hentry category-blog\" role=\"listitem\">\n\t\t\t\t<a class=\"elementor-post__thumbnail__link\" href=\"https:\/\/activabiomedica.com\/en\/tratamiento-natural-y-efectivo-para-la-migrana-descubre-los-ultimos-avances-biologicos\/\" tabindex=\"-1\" >\n\t\t\t<div class=\"elementor-post__thumbnail\"><img decoding=\"async\" width=\"1200\" height=\"900\" src=\"https:\/\/activabiomedica.com\/wp-content\/uploads\/2025\/04\/Diseno-sin-titulo-2.jpg\" class=\"attachment-full size-full wp-image-1154\" alt=\"\" srcset=\"https:\/\/activabiomedica.com\/wp-content\/uploads\/2025\/04\/Diseno-sin-titulo-2.jpg 1200w, https:\/\/activabiomedica.com\/wp-content\/uploads\/2025\/04\/Diseno-sin-titulo-2-300x225.jpg 300w, https:\/\/activabiomedica.com\/wp-content\/uploads\/2025\/04\/Diseno-sin-titulo-2-1024x768.jpg 1024w, https:\/\/activabiomedica.com\/wp-content\/uploads\/2025\/04\/Diseno-sin-titulo-2-768x576.jpg 768w\" sizes=\"(max-width: 1200px) 100vw, 1200px\" \/><\/div>\n\t\t<\/a>\n\t\t\t\t<div class=\"elementor-post__text\">\n\t\t\t\t<h3 class=\"elementor-post__title\">\n\t\t\t<a href=\"https:\/\/activabiomedica.com\/en\/tratamiento-natural-y-efectivo-para-la-migrana-descubre-los-ultimos-avances-biologicos\/\" >\n\t\t\t\tNatural and effective migraine treatment: discover the latest biological advances\t\t\t<\/a>\n\t\t<\/h3>\n\t\t\t\t<div class=\"elementor-post__meta-data\">\n\t\t\t\t\t<span class=\"elementor-post-date\">\n\t\t\tApril 7, 2025\t\t<\/span>\n\t\t\t\t<span class=\"elementor-post-avatar\">\n\t\t\tNo Comments\t\t<\/span>\n\t\t\t\t<\/div>\n\t\t\t\t<div class=\"elementor-post__excerpt\">\n\t\t\t<p>Migraines aren&#039;t incurable. Learn about the most effective natural and biological treatments, without side effects or harsh drugs. Regain your well-being!<\/p>\n\t\t<\/div>\n\t\t\n\t\t<a class=\"elementor-post__read-more\" href=\"https:\/\/activabiomedica.com\/en\/tratamiento-natural-y-efectivo-para-la-migrana-descubre-los-ultimos-avances-biologicos\/\" aria-label=\"Read more about Natural and Effective Migraine Treatment: Discover the Latest Biological Advances\" tabindex=\"-1\" >\n\t\t\tRead more &quot;\t\t<\/a>\n\n\t\t\t\t<\/div>\n\t\t\t\t<\/article>\n\t\t\t\t<article class=\"elementor-post elementor-grid-item post-1150 post type-post status-publish format-standard has-post-thumbnail hentry category-blog\" role=\"listitem\">\n\t\t\t\t<a class=\"elementor-post__thumbnail__link\" href=\"https:\/\/activabiomedica.com\/en\/rejuvenecimiento-facial-sin-cirugia-tecnica-minimamente-invasiva-con-resultados-naturales\/\" tabindex=\"-1\" >\n\t\t\t<div class=\"elementor-post__thumbnail\"><img loading=\"lazy\" decoding=\"async\" width=\"1200\" height=\"900\" src=\"https:\/\/activabiomedica.com\/wp-content\/uploads\/2025\/04\/Diseno-sin-titulo-1.jpg\" class=\"attachment-full size-full wp-image-1151\" alt=\"\" srcset=\"https:\/\/activabiomedica.com\/wp-content\/uploads\/2025\/04\/Diseno-sin-titulo-1.jpg 1200w, https:\/\/activabiomedica.com\/wp-content\/uploads\/2025\/04\/Diseno-sin-titulo-1-300x225.jpg 300w, https:\/\/activabiomedica.com\/wp-content\/uploads\/2025\/04\/Diseno-sin-titulo-1-1024x768.jpg 1024w, https:\/\/activabiomedica.com\/wp-content\/uploads\/2025\/04\/Diseno-sin-titulo-1-768x576.jpg 768w\" sizes=\"(max-width: 1200px) 100vw, 1200px\" \/><\/div>\n\t\t<\/a>\n\t\t\t\t<div class=\"elementor-post__text\">\n\t\t\t\t<h3 class=\"elementor-post__title\">\n\t\t\t<a href=\"https:\/\/activabiomedica.com\/en\/rejuvenecimiento-facial-sin-cirugia-tecnica-minimamente-invasiva-con-resultados-naturales\/\" >\n\t\t\t\tNon-surgical facial rejuvenation: a minimally invasive technique with natural results\t\t\t<\/a>\n\t\t<\/h3>\n\t\t\t\t<div class=\"elementor-post__meta-data\">\n\t\t\t\t\t<span class=\"elementor-post-date\">\n\t\t\tApril 7, 2025\t\t<\/span>\n\t\t\t\t<span class=\"elementor-post-avatar\">\n\t\t\tNo Comments\t\t<\/span>\n\t\t\t\t<\/div>\n\t\t\t\t<div class=\"elementor-post__excerpt\">\n\t\t\t<p>Discover Dr. Luis Roberto Montano&#039;s new non-surgical facial treatment: immediate results, pain-free, and completely inconvenient. Rejuvenates your face, neck, and hands.<\/p>\n\t\t<\/div>\n\t\t\n\t\t<a class=\"elementor-post__read-more\" href=\"https:\/\/activabiomedica.com\/en\/rejuvenecimiento-facial-sin-cirugia-tecnica-minimamente-invasiva-con-resultados-naturales\/\" aria-label=\"Read more about Rejuvenecimiento facial sin cirug\u00eda: t\u00e9cnica m\u00ednimamente invasiva con resultados naturales\" tabindex=\"-1\" >\n\t\t\tRead more &quot;\t\t<\/a>\n\n\t\t\t\t<\/div>\n\t\t\t\t<\/article>\n\t\t\t\t<article class=\"elementor-post elementor-grid-item post-1147 post type-post status-publish format-standard has-post-thumbnail hentry category-blog\" role=\"listitem\">\n\t\t\t\t<a class=\"elementor-post__thumbnail__link\" href=\"https:\/\/activabiomedica.com\/en\/detox-y-entrenamiento-la-base-para-un-tratamiento-estetico-exitoso\/\" tabindex=\"-1\" >\n\t\t\t<div class=\"elementor-post__thumbnail\"><img loading=\"lazy\" decoding=\"async\" width=\"1200\" height=\"900\" src=\"https:\/\/activabiomedica.com\/wp-content\/uploads\/2025\/04\/Diseno-sin-titulo.jpg\" class=\"attachment-full size-full wp-image-1148\" alt=\"\" srcset=\"https:\/\/activabiomedica.com\/wp-content\/uploads\/2025\/04\/Diseno-sin-titulo.jpg 1200w, https:\/\/activabiomedica.com\/wp-content\/uploads\/2025\/04\/Diseno-sin-titulo-300x225.jpg 300w, https:\/\/activabiomedica.com\/wp-content\/uploads\/2025\/04\/Diseno-sin-titulo-1024x768.jpg 1024w, https:\/\/activabiomedica.com\/wp-content\/uploads\/2025\/04\/Diseno-sin-titulo-768x576.jpg 768w\" sizes=\"(max-width: 1200px) 100vw, 1200px\" \/><\/div>\n\t\t<\/a>\n\t\t\t\t<div class=\"elementor-post__text\">\n\t\t\t\t<h3 class=\"elementor-post__title\">\n\t\t\t<a href=\"https:\/\/activabiomedica.com\/en\/detox-y-entrenamiento-la-base-para-un-tratamiento-estetico-exitoso\/\" >\n\t\t\t\tDetox and training: the basis for a successful aesthetic treatment\t\t\t<\/a>\n\t\t<\/h3>\n\t\t\t\t<div class=\"elementor-post__meta-data\">\n\t\t\t\t\t<span class=\"elementor-post-date\">\n\t\t\tApril 7, 2025\t\t<\/span>\n\t\t\t\t<span class=\"elementor-post-avatar\">\n\t\t\tNo Comments\t\t<\/span>\n\t\t\t\t<\/div>\n\t\t\t\t<div class=\"elementor-post__excerpt\">\n\t\t\t<p>Presentation at the Colombian-Brazilian Congress of Aesthetic Medicine, organized by the Colombian Association.<\/p>\n\t\t<\/div>\n\t\t\n\t\t<a class=\"elementor-post__read-more\" href=\"https:\/\/activabiomedica.com\/en\/detox-y-entrenamiento-la-base-para-un-tratamiento-estetico-exitoso\/\" aria-label=\"Read more about Detox y entrenamiento: la base para un tratamiento est\u00e9tico exitoso\" tabindex=\"-1\" >\n\t\t\tRead more &quot;\t\t<\/a>\n\n\t\t\t\t<\/div>\n\t\t\t\t<\/article>\n\t\t\t\t<article class=\"elementor-post elementor-grid-item post-278 post type-post status-publish format-standard has-post-thumbnail hentry category-blog\" role=\"listitem\">\n\t\t\t\t<a class=\"elementor-post__thumbnail__link\" href=\"https:\/\/activabiomedica.com\/en\/medicina-deportiva-y-estetica-la-combinacion-perfecta-para-el-rendimiento-optimo\/\" tabindex=\"-1\" >\n\t\t\t<div class=\"elementor-post__thumbnail\"><img loading=\"lazy\" decoding=\"async\" width=\"1920\" height=\"1080\" src=\"https:\/\/activabiomedica.com\/wp-content\/uploads\/2025\/03\/Header-Nosotros.png\" class=\"attachment-full size-full wp-image-279\" alt=\"\" srcset=\"https:\/\/activabiomedica.com\/wp-content\/uploads\/2025\/03\/Header-Nosotros.png 1920w, https:\/\/activabiomedica.com\/wp-content\/uploads\/2025\/03\/Header-Nosotros-300x169.png 300w, https:\/\/activabiomedica.com\/wp-content\/uploads\/2025\/03\/Header-Nosotros-1024x576.png 1024w, https:\/\/activabiomedica.com\/wp-content\/uploads\/2025\/03\/Header-Nosotros-768x432.png 768w, https:\/\/activabiomedica.com\/wp-content\/uploads\/2025\/03\/Header-Nosotros-1536x864.png 1536w\" sizes=\"(max-width: 1920px) 100vw, 1920px\" \/><\/div>\n\t\t<\/a>\n\t\t\t\t<div class=\"elementor-post__text\">\n\t\t\t\t<h3 class=\"elementor-post__title\">\n\t\t\t<a href=\"https:\/\/activabiomedica.com\/en\/medicina-deportiva-y-estetica-la-combinacion-perfecta-para-el-rendimiento-optimo\/\" >\n\t\t\t\tSports medicine and aesthetics: the perfect combination for optimal physical performance and a great look\t\t\t<\/a>\n\t\t<\/h3>\n\t\t\t\t<div class=\"elementor-post__meta-data\">\n\t\t\t\t\t<span class=\"elementor-post-date\">\n\t\t\tMarch 10, 2025\t\t<\/span>\n\t\t\t\t<span class=\"elementor-post-avatar\">\n\t\t\tNo Comments\t\t<\/span>\n\t\t\t\t<\/div>\n\t\t\t\t<div class=\"elementor-post__excerpt\">\n\t\t\t<p>Boost your performance and improve your image with a combination of sports medicine and aesthetics. Get faster, longer-lasting, and completely balanced results.<\/p>\n\t\t<\/div>\n\t\t\n\t\t<a class=\"elementor-post__read-more\" href=\"https:\/\/activabiomedica.com\/en\/medicina-deportiva-y-estetica-la-combinacion-perfecta-para-el-rendimiento-optimo\/\" aria-label=\"Read more about Medicina deportiva y est\u00e9tica: la combinaci\u00f3n perfecta para un rendimiento f\u00edsico \u00f3ptimo y verte muy bien\" tabindex=\"-1\" >\n\t\t\tRead more &quot;\t\t<\/a>\n\n\t\t\t\t<\/div>\n\t\t\t\t<\/article>\n\t\t\t\t<\/div>\n\t\t\t\t\t<span class=\"e-load-more-spinner\">\n\t\t\t\t<svg aria-hidden=\"true\" class=\"e-font-icon-svg e-fas-spinner\" viewbox=\"0 0 512 512\" xmlns=\"http:\/\/www.w3.org\/2000\/svg\"><path d=\"M304 48c0 26.51-21.49 48-48 48s-48-21.49-48-48 21.49-48 48-48 48 21.49 48 48zm-48 368c-26.51 0-48 21.49-48 48s21.49 48 48 48 48-21.49 48-48-21.49-48-48-48zm208-208c-26.51 0-48 21.49-48 48s21.49 48 48 48 48-21.49 48-48-21.49-48-48-48zM96 256c0-26.51-21.49-48-48-48S0 229.49 0 256s21.49 48 48 48 48-21.49 48-48zm12.922 99.078c-26.51 0-48 21.49-48 48s21.49 48 48 48 48-21.49 48-48c0-26.509-21.491-48-48-48zm294.156 0c-26.51 0-48 21.49-48 48s21.49 48 48 48 48-21.49 48-48c0-26.509-21.49-48-48-48zM108.922 60.922c-26.51 0-48 21.49-48 48s21.49 48 48 48 48-21.49 48-48-21.491-48-48-48z\"><\/path><\/svg>\t\t\t<\/span>\n\t\t\n\t\t\t\t<div class=\"e-load-more-anchor\" data-page=\"1\" data-max-page=\"2\" data-next-page=\"https:\/\/activabiomedica.com\/en\/wp-json\/wp\/v2\/pages\/75\/page\/2\/\"><\/div>\n\t\t\t\t<div class=\"e-load-more-message\"><\/div>\n\t\t\t\t\t\t<\/div>\n\t\t\t\t<\/div>\n\t\t\t\t<\/div>\n\t\t\t\t<\/div>\n\t\t\t\t<\/div>\n\t\t\t\t<\/div>","protected":false},"excerpt":{"rendered":"<p>Find articles of interest that will help activate the best version of you<\/p>","protected":false},"author":1,"featured_media":0,"parent":0,"menu_order":0,"comment_status":"closed","ping_status":"closed","template":"elementor_header_footer","meta":{"footnotes":""},"class_list":["post-75","page","type-page","status-publish","hentry"],"_links":{"self":[{"href":"https:\/\/activabiomedica.com\/en\/wp-json\/wp\/v2\/pages\/75","targetHints":{"allow":["GET"]}}],"collection":[{"href":"https:\/\/activabiomedica.com\/en\/wp-json\/wp\/v2\/pages"}],"about":[{"href":"https:\/\/activabiomedica.com\/en\/wp-json\/wp\/v2\/types\/page"}],"author":[{"embeddable":true,"href":"https:\/\/activabiomedica.com\/en\/wp-json\/wp\/v2\/users\/1"}],"replies":[{"embeddable":true,"href":"https:\/\/activabiomedica.com\/en\/wp-json\/wp\/v2\/comments?post=75"}],"version-history":[{"count":0,"href":"https:\/\/activabiomedica.com\/en\/wp-json\/wp\/v2\/pages\/75\/revisions"}],"wp:attachment":[{"href":"https:\/\/activabiomedica.com\/en\/wp-json\/wp\/v2\/media?parent=75"}],"curies":[{"name":"wp","href":"https:\/\/api.w.org\/{rel}","templated":true}]}}